{"id":1305,"date":"2026-04-19T09:35:31","date_gmt":"2026-04-19T08:35:31","guid":{"rendered":"https:\/\/finquesmedinya.com\/aviso-legal\/"},"modified":"2026-04-19T09:35:31","modified_gmt":"2026-04-19T08:35:31","slug":"aviso-legal","status":"publish","type":"page","link":"https:\/\/finquesmedinya.com\/ca\/aviso-legal\/","title":{"rendered":"Aviso Legal"},"content":{"rendered":"\n<h2 class=\"wp-block-heading\">Datos identificativos<\/h2>\n\n\n\n<p>En cumplimiento del deber de informaci\u00f3n establecido en la Ley de Servicios de la Sociedad de la Informaci\u00f3n (LSSI-CE), se informa que:<\/p>\n\n\n\n<ul class=\"wp-block-list\">\n<li>Titular: GESTORIA I FINQUES MEDI\u00d1A SL<\/li>\n\n\n\n<li>NIF\/CIF: B17346503<\/li>\n\n\n\n<li>Domicilio social: Gran Via de Jaume I 76 4-2<\/li>\n\n\n\n<li>Correo electr\u00f3nico: info@medinya.com<\/li>\n\n\n\n<li>Tel\u00e9fono: 972201769<\/li>\n\n\n\n<li>Datos registrales: Registro Mercantil de Girona, Volumen 434, folio 50, hoja GI-8.470<\/li>\n\n\n\n<li>Nombre del dominio: www.finquesmedinya.com<\/li>\n<\/ul>\n\n\n\n<h2 class=\"wp-block-heading\">Objeto del sitio web<\/h2>\n\n\n\n<p>El presente sitio web tiene como finalidad ofrecer informaci\u00f3n sobre los servicios de la empresa, especializada en agencia inmobiliaria.<\/p>\n\n\n\n<p>Los servicios relativos a seguros son ofrecidos por la siguiente empresa:<br>Corredur\u00eda de Seguros Medi\u00f1\u00e0 SL<br>NIF: B17493115<br>Domicilio social: Gran Via de Jaume I 76 4-2<br>Correo electr\u00f3nico: info@medinya.com<\/p>\n\n\n\n<p>Tel\u00e9fono: 972201769<br>Datos registrales: Hoja GI-18135, Tomo 991, Folio 86, IRUS: 1000210865556<\/p>\n\n\n\n<h2 class=\"wp-block-heading\">Condiciones de uso<\/h2>\n\n\n\n<p>El acceso y navegaci\u00f3n por este sitio web atribuye la condici\u00f3n de usuario e implica la aceptaci\u00f3n de las presentes condiciones.<\/p>\n\n\n\n<p>El usuario se compromete a:<\/p>\n\n\n\n<ul class=\"wp-block-list\">\n<li>Hacer un uso adecuado de los contenidos<\/li>\n\n\n\n<li>No realizar actividades ilegales o contrarias a la buena fe<\/li>\n\n\n\n<li>No causar da\u00f1os a los sistemas del titular o de terceros<\/li>\n<\/ul>\n\n\n\n<h2 class=\"wp-block-heading\">Propiedad intelectual e industrial<\/h2>\n\n\n\n<p>Todos los contenidos (textos, im\u00e1genes, logotipos, dise\u00f1o, c\u00f3digo, etc.) son propiedad del titular o disponen de derechos de uso.<\/p>\n\n\n\n<p>Queda prohibida su reproducci\u00f3n, distribuci\u00f3n o modificaci\u00f3n sin autorizaci\u00f3n expresa.<\/p>\n\n\n\n<h2 class=\"wp-block-heading\">Responsabilidad<\/h2>\n\n\n\n<p>El titular no se hace responsable de:<\/p>\n\n\n\n<ul class=\"wp-block-list\">\n<li>Errores u omisiones en los contenidos<\/li>\n\n\n\n<li>Interrupciones del servicio<\/li>\n\n\n\n<li>Presencia de virus o problemas t\u00e9cnicos<\/li>\n<\/ul>\n\n\n\n<p>Tampoco se responsabiliza de los contenidos de terceros enlazados.<\/p>\n\n\n\n<h2 class=\"wp-block-heading\">Enlaces externos<\/h2>\n\n\n\n<p>Este sitio web puede contener enlaces a p\u00e1ginas de terceros. El titular no controla ni se hace responsable de sus contenidos.<\/p>\n\n\n\n<h2 class=\"wp-block-heading\">Protecci\u00f3n de datos<\/h2>\n\n\n\n<p>Los datos personales se tratar\u00e1n conforme al Reglamento General de Protecci\u00f3n de Datos (RGPD) y la normativa vigente.<\/p>\n\n\n\n<p>Para m\u00e1s informaci\u00f3n, consulta la Pol\u00edtica de Privacidad.<\/p>\n\n\n\n<h2 class=\"wp-block-heading\">Uso de cookies<\/h2>\n\n\n\n<p>Este sitio web puede utilizar cookies propias y de terceros. Puedes consultar la informaci\u00f3n detallada en la Pol\u00edtica de Cookies.<\/p>\n\n\n\n<h2 class=\"wp-block-heading\">Legislaci\u00f3n aplicable y jurisdicci\u00f3n<\/h2>\n\n\n\n<p>Este sitio se rige por la legislaci\u00f3n espa\u00f1ola.<\/p>\n\n\n\n<p>Para cualquier controversia, las partes se someten a los juzgados y tribunales de Girona.<\/p>\n","protected":false},"excerpt":{"rendered":"<p>Datos identificativos En cumplimiento del deber de informaci\u00f3n establecido en la Ley de Servicios de la Sociedad de la Informaci\u00f3n (LSSI-CE), se informa que: Objeto del sitio web El presente sitio web tiene como finalidad ofrecer informaci\u00f3n sobre los servicios de la empresa, especializada en agencia inmobiliaria. Los servicios relativos a seguros son ofrecidos por [&hellip;]<\/p>\n","protected":false},"author":1,"featured_media":0,"parent":0,"menu_order":0,"comment_status":"closed","ping_status":"closed","template":"","meta":{"_acf_changed":false,"inline_featured_image":false,"footnotes":""},"interes":[],"tipo-inmueble":[],"class_list":["post-1305","page","type-page","status-publish","hentry"],"acf":[],"_links":{"self":[{"href":"https:\/\/finquesmedinya.com\/ca\/wp-json\/wp\/v2\/pages\/1305","targetHints":{"allow":["GET"]}}],"collection":[{"href":"https:\/\/finquesmedinya.com\/ca\/wp-json\/wp\/v2\/pages"}],"about":[{"href":"https:\/\/finquesmedinya.com\/ca\/wp-json\/wp\/v2\/types\/page"}],"author":[{"embeddable":true,"href":"https:\/\/finquesmedinya.com\/ca\/wp-json\/wp\/v2\/users\/1"}],"replies":[{"embeddable":true,"href":"https:\/\/finquesmedinya.com\/ca\/wp-json\/wp\/v2\/comments?post=1305"}],"version-history":[{"count":0,"href":"https:\/\/finquesmedinya.com\/ca\/wp-json\/wp\/v2\/pages\/1305\/revisions"}],"wp:attachment":[{"href":"https:\/\/finquesmedinya.com\/ca\/wp-json\/wp\/v2\/media?parent=1305"}],"wp:term":[{"taxonomy":"interes","embeddable":true,"href":"https:\/\/finquesmedinya.com\/ca\/wp-json\/wp\/v2\/interes?post=1305"},{"taxonomy":"tipo-inmueble","embeddable":true,"href":"https:\/\/finquesmedinya.com\/ca\/wp-json\/wp\/v2\/tipo-inmueble?post=1305"}],"curies":[{"name":"wp","href":"https:\/\/api.w.org\/{rel}","templated":true}]}}