{"id":1174,"date":"2022-12-13T14:55:42","date_gmt":"2022-12-13T13:55:42","guid":{"rendered":"https:\/\/finquesmedinya.com\/nosaltres\/"},"modified":"2026-03-24T13:42:39","modified_gmt":"2026-03-24T12:42:39","slug":"nosaltres","status":"publish","type":"page","link":"https:\/\/finquesmedinya.com\/ca\/nosaltres\/","title":{"rendered":"Nosaltres"},"content":{"rendered":"\t\t<div data-elementor-type=\"wp-page\" data-elementor-id=\"1174\" class=\"elementor elementor-1174 elementor-15\" data-elementor-post-type=\"page\">\n\t\t\t\t<div class=\"elementor-element elementor-element-17046f5 e-flex e-con-boxed e-con e-parent\" data-id=\"17046f5\" data-element_type=\"container\" data-e-type=\"container\" data-settings=\"{&quot;background_background&quot;:&quot;classic&quot;,&quot;background_motion_fx_translateY_effect&quot;:&quot;yes&quot;,&quot;background_motion_fx_translateY_speed&quot;:{&quot;unit&quot;:&quot;px&quot;,&quot;size&quot;:10,&quot;sizes&quot;:[]},&quot;background_motion_fx_translateY_affectedRange&quot;:{&quot;unit&quot;:&quot;%&quot;,&quot;size&quot;:&quot;&quot;,&quot;sizes&quot;:{&quot;start&quot;:0,&quot;end&quot;:79}},&quot;background_motion_fx_motion_fx_scrolling&quot;:&quot;yes&quot;,&quot;background_motion_fx_devices&quot;:[&quot;desktop&quot;,&quot;tablet&quot;,&quot;mobile&quot;]}\">\n\t\t\t\t\t<div class=\"e-con-inner\">\n\t\t\t\t<div class=\"elementor-element elementor-element-4a76e26 elementor-widget elementor-widget-heading\" data-id=\"4a76e26\" data-element_type=\"widget\" data-e-type=\"widget\" data-widget_type=\"heading.default\">\n\t\t\t\t\t<h1 class=\"elementor-heading-title elementor-size-default\">Grup Mediny\u00e0<\/h1>\t\t\t\t<\/div>\n\t\t\t\t<div class=\"elementor-element elementor-element-b48dd53 elementor-widget__width-initial elementor-widget-divider--view-line elementor-widget elementor-widget-divider\" data-id=\"b48dd53\" data-element_type=\"widget\" data-e-type=\"widget\" data-widget_type=\"divider.default\">\n\t\t\t\t\t\t\t<div class=\"elementor-divider\">\n\t\t\t<span class=\"elementor-divider-separator\">\n\t\t\t\t\t\t<\/span>\n\t\t<\/div>\n\t\t\t\t\t\t<\/div>\n\t\t\t\t\t<\/div>\n\t\t\t\t<\/div>\n\t\t<div class=\"elementor-element elementor-element-54f4cbd e-flex e-con-boxed e-con e-parent\" data-id=\"54f4cbd\" data-element_type=\"container\" data-e-type=\"container\" id=\"quienes_somos\">\n\t\t\t\t\t<div class=\"e-con-inner\">\n\t\t\t\t<div class=\"elementor-element elementor-element-a14d9e1 elementor-widget elementor-widget-heading\" data-id=\"a14d9e1\" data-element_type=\"widget\" data-e-type=\"widget\" id=\"quienes-somos\" data-widget_type=\"heading.default\">\n\t\t\t\t\t<h2 class=\"elementor-heading-title elementor-size-default\">Qui som<\/h2>\t\t\t\t<\/div>\n\t\t\t\t<div class=\"elementor-element elementor-element-6dfbf28 elementor-widget-divider--view-line elementor-widget elementor-widget-divider\" data-id=\"6dfbf28\" data-element_type=\"widget\" data-e-type=\"widget\" data-widget_type=\"divider.default\">\n\t\t\t\t\t\t\t<div class=\"elementor-divider\">\n\t\t\t<span class=\"elementor-divider-separator\">\n\t\t\t\t\t\t<\/span>\n\t\t<\/div>\n\t\t\t\t\t\t<\/div>\n\t\t\t\t<div class=\"elementor-element elementor-element-a71c744 elementor-widget elementor-widget-text-editor\" data-id=\"a71c744\" data-element_type=\"widget\" data-e-type=\"widget\" data-widget_type=\"text-editor.default\">\n\t\t\t\t\t\t\t\t\t<p>Som <strong>experts en el sector de l&#8217;immoble<\/strong>, i com ag\u00e8ncia volem que el com de Mediny\u00e0 sigui sin\u00f2nim de tranquil\u00b7litat i confian\u00e7a quan vagis a comprar o vendre propietats.<\/p><p>Amb una traject\u00f2ria de <strong>m\u00e9s de 60 anys<\/strong>, hem estat treballant constantment per oferir-te les solucions i millors pr\u00e0ctiques a l&#8217;hora de gestionar el teu patrimoni des de la ciutat de <strong>Girona<\/strong> i les oficines a <strong>Palam\u00f3s<\/strong>.<\/p><p>L&#8217;empresa va ser fundada i ha crescut amb uns valors familiars i d&#8217;uni\u00f3 molt forts, el que ens ha portar a treballar amb i per l&#8217;equip, enfortint el seu talent a trav\u00e9s de cursos i millores en les seves compet\u00e8ncies de cada un de la plantilla, tant de reciclatge com d&#8217;actualitzaci\u00f3 legislativa.<br>Satisfent aix\u00ed un major nombre de serveis de totes les verticals d&#8217;una ag\u00e8ncia immobili\u00e0ria, per <strong>una atenci\u00f3 integral i amb les m\u00e0ximes garanties<\/strong> <\/p><p>Finques Medi\u00f1\u00e0 \u00e9s una societat que compta amb <strong>personal inscrit en e<\/strong>l <em>Registre d&#8217;Agents Immobiliaris de la Generalitat de Catalunya<\/em> i col\u00b7legiats al <em>Col\u00b7legi d&#8217;Administradors de Finques de Girona<\/em> i al <em>Col\u00b7legi d&#8217;Agents de la Propietat Immobili\u00e0ria<\/em>. Aquests registres oficials avalen el <strong>coneixement i l&#8217;experi\u00e8ncia per guiar en la compra-venda de cases i propietats.<\/strong> <\/p>\t\t\t\t\t\t\t\t<\/div>\n\t\t\t\t\t<\/div>\n\t\t\t\t<\/div>\n\t\t<div class=\"elementor-element elementor-element-c1fd791 e-flex e-con-boxed e-con e-parent\" data-id=\"c1fd791\" data-element_type=\"container\" data-e-type=\"container\" id=\"historia\" data-settings=\"{&quot;background_background&quot;:&quot;classic&quot;}\">\n\t\t\t\t\t<div class=\"e-con-inner\">\n\t\t\t\t<div class=\"elementor-element elementor-element-b5a342d elementor-widget elementor-widget-heading\" data-id=\"b5a342d\" data-element_type=\"widget\" data-e-type=\"widget\" data-widget_type=\"heading.default\">\n\t\t\t\t\t<h2 class=\"elementor-heading-title elementor-size-default\">hist\u00f2ria<\/h2>\t\t\t\t<\/div>\n\t\t\t\t<div class=\"elementor-element elementor-element-3b35bad elementor-widget-divider--view-line elementor-widget elementor-widget-divider\" data-id=\"3b35bad\" data-element_type=\"widget\" data-e-type=\"widget\" data-widget_type=\"divider.default\">\n\t\t\t\t\t\t\t<div class=\"elementor-divider\">\n\t\t\t<span class=\"elementor-divider-separator\">\n\t\t\t\t\t\t<\/span>\n\t\t<\/div>\n\t\t\t\t\t\t<\/div>\n\t\t\t\t<div class=\"elementor-element elementor-element-58c62f5 elementor-widget elementor-widget-text-editor\" data-id=\"58c62f5\" data-element_type=\"widget\" data-e-type=\"widget\" data-widget_type=\"text-editor.default\">\n\t\t\t\t\t\t\t\t\t<p>L&#8217;ag\u00e8ncia Mediny\u00e0 va ser una de les primeres fundades a la ciutat de Girona, i de les poques que continua desenvolupant la seva activitat com el primer dia, <strong>amb la proximitat i confian\u00e7a que estem al teu costat.<\/strong><\/p><p>Des de fa molt de temps que tenim moltes eines per a <strong>ajudar als nostres clients a complir els seus objectius<\/strong>, connexi\u00f3 amb plataformes especialitzades i tractes preferents per a posicionar el teu habitatge.<\/p><p>La comunicaci\u00f3 canvia, i nosaltres ens adaptem per a arribar a tots els que necessiten <strong>assessorar-se per a vendre una casa o estan buscant comprar un habitatge<\/strong> per a la seva fam\u00edlia a la prov\u00edncia de Girona o per la zona de la Costa Brava.<\/p><p>La hist\u00f2ria de la companyia ens ha fet convertir-nos en <strong>experts assessors immobiliaris<\/strong>, i tamb\u00e9 que encara que els processos i destijos de les persones siguin els mateixos, com comprar una casa, tota la resta canvia. Per aix\u00f2 hem de continuar aprenent, per a que la hist\u00f2ria segueixi al nostre favor.<\/p>\t\t\t\t\t\t\t\t<\/div>\n\t\t\t\t\t<\/div>\n\t\t\t\t<\/div>\n\t\t<div class=\"elementor-element elementor-element-23049bb e-flex e-con-boxed e-con e-parent\" data-id=\"23049bb\" data-element_type=\"container\" data-e-type=\"container\" id=\"valores\">\n\t\t\t\t\t<div class=\"e-con-inner\">\n\t\t\t\t<div class=\"elementor-element elementor-element-439329c elementor-widget elementor-widget-heading\" data-id=\"439329c\" data-element_type=\"widget\" data-e-type=\"widget\" data-widget_type=\"heading.default\">\n\t\t\t\t\t<h2 class=\"elementor-heading-title elementor-size-default\">valors<\/h2>\t\t\t\t<\/div>\n\t\t\t\t<div class=\"elementor-element elementor-element-7d3a041 elementor-widget-divider--view-line elementor-widget elementor-widget-divider\" data-id=\"7d3a041\" data-element_type=\"widget\" data-e-type=\"widget\" data-widget_type=\"divider.default\">\n\t\t\t\t\t\t\t<div class=\"elementor-divider\">\n\t\t\t<span class=\"elementor-divider-separator\">\n\t\t\t\t\t\t<\/span>\n\t\t<\/div>\n\t\t\t\t\t\t<\/div>\n\t\t\t\t<div class=\"elementor-element elementor-element-4ecc6fd elementor-widget elementor-widget-text-editor\" data-id=\"4ecc6fd\" data-element_type=\"widget\" data-e-type=\"widget\" data-widget_type=\"text-editor.default\">\n\t\t\t\t\t\t\t\t\t<p><strong>Ens agrada el que fem<\/strong><\/p><p>Oferim suport en qualsevol tipus d&#8217;operaci\u00f3 immobili\u00e0ria i, per exemple, veure l&#8217;alegria d&#8217;un nou propietari amb una llar nova, \u00e9s una sensaci\u00f3 que ens omple. Estant segurs que <strong>la persona no s&#8217;hagi de preocupar per res m\u00e9s que decorar i posar-hi mobles<\/strong>. De tots els tr\u00e0mits i papers ens encarreguem nosaltres. Ens dediquem al sector immobiliari per <strong>vocaci\u00f3<\/strong>.  <\/p><p>Valorem molt la seguretat de fer les coses b\u00e9, i ens prenem molt en serio aquesta forma de treballar, ja que ens aporta tranquil\u00b7litat amb els clients. Per aix\u00f2 constantment estem fent tasques de reciclatge i nova legislaci\u00f3 per garantitzar estar sempre al dia de totes les nvoetats i com canvia la normativa que afecti als nostres clients per a poder realitzar qualsevol gesti\u00f3 amb la m\u00e0xima professionalitat i efici\u00e8ncia.<br> <\/p><p>Tots compartim aquests valors que ens fan destacar, com la dedicaci\u00f3 i l&#8217;honestedat que caracteritza al <strong>Grup Mediny\u00e0.<\/strong><\/p>\t\t\t\t\t\t\t\t<\/div>\n\t\t\t\t\t<\/div>\n\t\t\t\t<\/div>\n\t\t\t\t<\/div>\n\t\t","protected":false},"excerpt":{"rendered":"<p>Grup Mediny\u00e0 Qui som Som experts en el sector de l&#8217;immoble, i com ag\u00e8ncia volem que el com de Mediny\u00e0 sigui sin\u00f2nim de tranquil\u00b7litat i confian\u00e7a quan vagis a comprar o vendre propietats. Amb una traject\u00f2ria de m\u00e9s de 60 anys, hem estat treballant constantment per oferir-te les solucions i millors pr\u00e0ctiques a l&#8217;hora de [&hellip;]<\/p>\n","protected":false},"author":1,"featured_media":0,"parent":0,"menu_order":0,"comment_status":"closed","ping_status":"closed","template":"","meta":{"_acf_changed":false,"inline_featured_image":false,"footnotes":""},"interes":[],"tipo-inmueble":[],"class_list":["post-1174","page","type-page","status-publish","hentry"],"acf":[],"_links":{"self":[{"href":"https:\/\/finquesmedinya.com\/ca\/wp-json\/wp\/v2\/pages\/1174","targetHints":{"allow":["GET"]}}],"collection":[{"href":"https:\/\/finquesmedinya.com\/ca\/wp-json\/wp\/v2\/pages"}],"about":[{"href":"https:\/\/finquesmedinya.com\/ca\/wp-json\/wp\/v2\/types\/page"}],"author":[{"embeddable":true,"href":"https:\/\/finquesmedinya.com\/ca\/wp-json\/wp\/v2\/users\/1"}],"replies":[{"embeddable":true,"href":"https:\/\/finquesmedinya.com\/ca\/wp-json\/wp\/v2\/comments?post=1174"}],"version-history":[{"count":0,"href":"https:\/\/finquesmedinya.com\/ca\/wp-json\/wp\/v2\/pages\/1174\/revisions"}],"wp:attachment":[{"href":"https:\/\/finquesmedinya.com\/ca\/wp-json\/wp\/v2\/media?parent=1174"}],"wp:term":[{"taxonomy":"interes","embeddable":true,"href":"https:\/\/finquesmedinya.com\/ca\/wp-json\/wp\/v2\/interes?post=1174"},{"taxonomy":"tipo-inmueble","embeddable":true,"href":"https:\/\/finquesmedinya.com\/ca\/wp-json\/wp\/v2\/tipo-inmueble?post=1174"}],"curies":[{"name":"wp","href":"https:\/\/api.w.org\/{rel}","templated":true}]}}